{"id":1633,"date":"2022-02-22T09:59:54","date_gmt":"2022-02-22T08:59:54","guid":{"rendered":"https:\/\/discountlens.de\/blog\/?page_id=1633"},"modified":"2024-04-23T16:17:24","modified_gmt":"2024-04-23T14:17:24","slug":"plastikneutrale-tageslinsen-von-coopervision","status":"publish","type":"page","link":"https:\/\/discountlens.de\/blog\/plastikneutrale-tageslinsen-von-coopervision\/","title":{"rendered":"Plastikneutrale Tageslinsen von CooperVision"},"content":{"rendered":"\n<p><strong>Wir von Discountlens setzen uns f\u00fcr das Thema Nachhaltigkeit ein&nbsp;und freuen uns, dass wir seit neuestem das&nbsp;Nachhaltigkeitskonzept von unserem Partner CooperVision unterst\u00fctzen d\u00fcrfen.<\/strong><\/p>\n\n\n\n<div style=\"height:40px\" aria-hidden=\"true\" class=\"wp-block-spacer\"><\/div>\n\n\n\n<p>Mit mittlerweile sechs erfolgreichen Markenfamilien f\u00fcr so gut wie jede Art der Sehkorrektur, und damit einem der breitesten Angebote von Einmalkontaktlinsen (Tageslinsen) am Markt, sind die \u201eSingles\u201c von <strong>CooperVision<\/strong> die L\u00f6sung f\u00fcr alle, die sich eine praktische, zuverl\u00e4ssige und jetzt auch nachhaltige Sehhilfe f\u00fcr ihre Aktivit\u00e4ten w\u00fcnschen. Zu den bekanntesten Produktfamilien geh\u00f6ren die <strong>MyDay\u00ae<\/strong>, <strong>clariti\u00ae 1 day<\/strong>, <strong>Proclear\u00ae 1 day<\/strong> und <strong>Biomedics\u00ae<\/strong>.<\/p>\n\n\n\n<p>Ab sofort kommt eine weitere positive Eigenschaft hinzu. Denn das komplette in Deutschland, \u00d6sterreich und der Schweiz vertriebene Portfolio an Tageslinsen ist jetzt plastikneutral. Das macht es Kontaktlinsentragenden einfach, beim Kauf von Kontaktlinsen zuk\u00fcnftig nachhaltig zu handeln.<\/p>\n\n\n\n<p>Im Rahmen dieser Massnahmen und der Bem\u00fchungen um mehr Nachhaltigkeit kooperiert <strong>CooperVision<\/strong> jetzt mit <strong>Plastic Bank\u00ae<\/strong>. Das Sozialunternehmen verfolgt das Ziel, Plastikm\u00fcll in den Weltmeeren zu stoppen, indem es in K\u00fcstenregionen ohne funktionierende Kreislaufwirtschaft Recyclingcenter errichtet. Durch die Kooperation mit der Organisation wird jetzt so viel Plastik gesammelt, wie f\u00fcr die Produktion und Verpackung von Einmalkontaktlinsen von <strong>CooperVision <\/strong>anf\u00e4llt.<br>Das heisst, f\u00fcr jede gekaufte Packung Einmalkontaktlinsen wird die gleiche Menge an Plastik aus der Umwelt entfernt und damit ein Beitrag zur fachgerechten Entsorgung von Plastikabfall geleistet.<\/p>\n\n\n\n<p><strong>Liebe Kunden und Kundinnen,<\/strong> Nachhaltigkeit h\u00f6rt aber nicht beim Kauf auf. Kontaktlinsentr\u00e4ger\/-innen sollten auch darauf achten, dass sie ihre Kontaktlinsen richtig entsorgen. W\u00e4hrend die Linsen in den Restm\u00fcll geh\u00f6ren, kommen die Kunststoffblister,  Aluminiumdeckel und die Papier-Umverpackungen getrennt in die entsprechenden Sammelbeh\u00e4lter. Trotz des steigenden Umweltbewusstseins gehen immer noch viele Verbraucher\/-innen den einfachen Weg und entsorgen Kontaktlinsen \u00fcber den Abfluss oder die Toilette. So aber entsteht Mikroplastik.<\/p>\n\n\n\n<div style=\"height:40px\" aria-hidden=\"true\" class=\"wp-block-spacer\"><\/div>\n\n\n\n<p><strong>Tageslinsen von Cooper Vision:<\/strong><\/p>\n\n\n\n<p class=\"has-black-color has-pale-cyan-blue-background-color has-text-color has-background\"><strong><a href=\"https:\/\/discountlens.ch\/c\/kontaktlinsen\/myday\">MyDay\u00ae<\/a><\/strong><br><strong><a href=\"https:\/\/discountlens.ch\/c\/kontaktlinsen\/clariti\">clariti\u00ae 1 day<\/a><\/strong><br><strong><a href=\"https:\/\/discountlens.ch\/c\/kontaktlinsen\/proclear\">Proclear\u00ae 1 day<\/a><\/strong><\/p>\n","protected":false},"excerpt":{"rendered":"<p>Wir von Discountlens setzen uns f\u00fcr das Thema Nachhaltigkeit ein&nbsp;und freuen uns, dass wir seit neuestem das&nbsp;Nachhaltigkeitskonzept von unserem Partner CooperVision unterst\u00fctzen d\u00fcrfen. Mit mittlerweile sechs erfolgreichen Markenfamilien f\u00fcr so gut wie jede Art der Sehkorrektur, und damit einem der breitesten Angebote von Einmalkontaktlinsen (Tageslinsen) am Markt, sind die \u201eSingles\u201c<\/p>\n<div class=\"post-permalink\">\n\t\t\t\t\t\t<a href=\"https:\/\/discountlens.de\/blog\/plastikneutrale-tageslinsen-von-coopervision\/\" class=\"btn btn-default\">Continue Reading<\/a><\/div>\n","protected":false},"author":8,"featured_media":1636,"parent":0,"menu_order":0,"comment_status":"closed","ping_status":"closed","template":"","meta":{"footnotes":""},"class_list":["post-1633","page","type-page","status-publish","has-post-thumbnail","hentry"],"_links":{"self":[{"href":"https:\/\/discountlens.de\/blog\/wp-json\/wp\/v2\/pages\/1633","targetHints":{"allow":["GET"]}}],"collection":[{"href":"https:\/\/discountlens.de\/blog\/wp-json\/wp\/v2\/pages"}],"about":[{"href":"https:\/\/discountlens.de\/blog\/wp-json\/wp\/v2\/types\/page"}],"author":[{"embeddable":true,"href":"https:\/\/discountlens.de\/blog\/wp-json\/wp\/v2\/users\/8"}],"replies":[{"embeddable":true,"href":"https:\/\/discountlens.de\/blog\/wp-json\/wp\/v2\/comments?post=1633"}],"version-history":[{"count":3,"href":"https:\/\/discountlens.de\/blog\/wp-json\/wp\/v2\/pages\/1633\/revisions"}],"predecessor-version":[{"id":1676,"href":"https:\/\/discountlens.de\/blog\/wp-json\/wp\/v2\/pages\/1633\/revisions\/1676"}],"wp:featuredmedia":[{"embeddable":true,"href":"https:\/\/discountlens.de\/blog\/wp-json\/wp\/v2\/media\/1636"}],"wp:attachment":[{"href":"https:\/\/discountlens.de\/blog\/wp-json\/wp\/v2\/media?parent=1633"}],"curies":[{"name":"wp","href":"https:\/\/api.w.org\/{rel}","templated":true}]}}